{"id":2004,"date":"2025-06-23T13:59:15","date_gmt":"2025-06-23T12:59:15","guid":{"rendered":"https:\/\/fenixpharma.it\/?page_id=2004"},"modified":"2025-06-23T13:59:16","modified_gmt":"2025-06-23T12:59:16","slug":"cookie-policy","status":"publish","type":"page","link":"https:\/\/fenixpharma.it\/en\/cookie-policy\/","title":{"rendered":"Cookie Policy"},"content":{"rendered":"<p>Quando un utente accede al nostro sito Web, servizi, app, i nostri fornitori di servizi autorizzati possono usare cookie, web beacon e altre tecnologie similari per scopi pubblicitari e per memorizzare le informazioni, al fine di offrirti un&#8217;esperienza migliore, pi\u00f9 veloce e pi\u00f9 sicura.<\/p>\n\n\n\n<p>Attraverso questa informativa intendiamo fornirti alcune indicazioni sulle tecnologie adottate e su come vengono usate nei nostri siti e nei nostri servizi, app e strumenti. Di seguito vengono riepilogati alcuni aspetti importanti da conoscere riguardo all&#8217;utilizzo di tali tecnologie.<\/p>\n\n\n\n<h2 class=\"wp-block-heading\">Cosa sono i cookie, i web beacon e tecnologie simili<\/h2>\n\n\n\n<p>Usiamo file di dati di piccole dimensioni, che vengono salvati sul tuo computer, tablet, telefono cellulare o altro dispositivo mobile (indicati complessivamente come &#8220;dispositivo&#8221;) per registrare determinati dati ogni volta che accedi o interagisci con i nostri siti, servizi, app, sistemi di messaggistica e strumenti.<\/p>\n\n\n\n<p>I nomi e i tipi specifici di cookie, web beacon e altre tecnologie similari usati possono cambiare nel tempo. Per aiutarti a comprendere meglio le regole e l&#8217;uso di tali tecnologie, di seguito sono riportati alcuni termini con le relative definizioni:<\/p>\n\n\n\n<p>Cookie: piccoli file di testo (formati in genere da lettere e numeri) che vengono salvati nella memoria del browser o del dispositivo quando visiti un sito o visualizzi un messaggio. I cookie consentono a un sito di riconoscere un particolare dispositivo o browser. Esistono diversi tipi di cookie:<\/p>\n\n\n\n<p>&#8211; temporanei (o di sessione): sono utilizzati per archiviare informazioni temporanee, consentono di collegare le tue azioni durante quella sessione specifica e sono rimossi dal computer alla chiusura del browser utilizzato;<\/p>\n\n\n\n<p>&#8211; permanenti (o salvati): sono utilizzati per archiviare informazioni, ad esempio il nome e la password di accesso, in modo da evitare che l&#8217;utente debba digitarli ogni volta che visita un sito specifico; rimangono memorizzati nel computer anche dopo aver chiuso Internet Explorer;<\/p>\n\n\n\n<p>&#8211; di prima parte: derivano dal sito Web visualizzato e possono essere permanenti o temporanei; possono essere utilizzati per archiviare informazioni che verranno riutilizzate alla successiva visita del sito;<\/p>\n\n\n\n<p>&#8211; di terze parti: derivano da annunci di altri siti, ad esempio popup o striscioni pubblicitari, presenti nel sito Web visualizzato; possono essere utilizzati per registrare l&#8217;utilizzo del sito Web a scopo di marketing.<\/p>\n\n\n\n<p>I cookie possono essere disattivati o rimossi usando gli strumenti disponibili nella maggior parte dei browser. Le preferenze relative ai cookie devono essere impostate separatamente per ciascun browser usato, poich\u00e9 ognuno di essi offre funzionalit\u00e0 e opzioni specifiche. L&#8217;Utente pu\u00f2 trovare informazioni su come gestire i Cookie con alcuni dei browser pi\u00f9 diffusi ai seguenti indirizzi: <a href=\"https:\/\/support.google.com\/chrome\/answer\/95647?hl=it&amp;p=cpn_cookies\">Google Chrome<\/a>, <a href=\"https:\/\/support.mozilla.org\/it\/kb\/protezione-antitracciamento-avanzata-firefox-desktop?redirectslug=Attivare+e+disattivare+i+cookie&amp;redirectlocale=it\">Mozilla Firefox<\/a>, <a href=\"https:\/\/support.apple.com\/kb\/PH21411?locale=it_IT\">Apple Safari<\/a> e <a href=\"https:\/\/support.microsoft.com\/it-it\/windows\/gestire-i-cookie-in-microsoft-edge-visualizzare-consentire-bloccare-eliminare-e-usare-168dab11-0753-043d-7c16-ede5947fc64d\">Microsoft Internet Explorer<\/a>.<\/p>\n\n\n\n<p>Web beacon: frammenti di codice che consentono a un sito web di trasferire o raccogliere informazioni attraverso la richiesta di un&#8217;immagine grafica; possono essere utilizzati per diversi fini, quali l&#8217;analisi dell&#8217;uso dei siti web, attivit\u00e0 di controllo e reportistica sulle pubblicit\u00e0 e la personalizzazione di pubblicit\u00e0 e contenuti;<\/p>\n\n\n\n<p>Tecnologie similari: tecnologie che archiviano dati nel browser o dispositivo usando oggetti condivisi a livello locale o archiviazione locale, quali cookie flash, cookie HTML 5 e altri metodi software per applicazioni web. Queste tecnologie funzionano in tutti i browser. In alcuni casi l&#8217;uso dell&#8217;archiviazione locale non pu\u00f2 essere pienamente gestito dai browser, ma richiede la gestione tramite strumenti specifici.<\/p>\n\n\n\n<h2 class=\"wp-block-heading\">I cookie dei nostri siti<\/h2>\n\n\n\n<p>Laddove possibile, vengono implementate misure di sicurezza per impedire l&#8217;accesso non autorizzato a cookie e tecnologie simili. Un codice univoco garantisce che solo noi e\/o i nostri fornitori di servizi autorizzati possano accedere ai dati dei cookie.<\/p>\n\n\n\n<p>I fornitori di servizi sono aziende che ci supportano in vari aspetti della nostra attivit\u00e0, occupandosi, ad esempio, di operazioni, servizi, app, pubblicit\u00e0 e strumenti del sito. Usiamo i nostri fornitori di servizi autorizzati per presentarti pubblicit\u00e0 in linea con i tuoi interessi sui nostri servizi e in altre pagine Internet. Tali fornitori di servizi possono inserire cookie nel tuo dispositivo tramite i nostri servizi (cookie di soggetti terzi). Possono anche acquisire informazioni che consentono loro di identificare il tuo dispositivo, quale l&#8217;indirizzo IP o altri codici univoci o di dispositivo.<\/p>\n\n\n\n<p>Determinate funzioni, servizi, app e strumenti del sito sono disponibili solo attraverso l&#8217;uso di queste tecnologie. Potrai sempre bloccarle, eliminarle o disattivarle se il tuo browser, l&#8217;app installata o il dispositivo usato lo consentono.<\/p>\n\n\n\n<p>Alcuni dei servizi elencati di seguito raccolgono statistiche in forma aggregata ed anonima e potrebbero non richiedere il consenso dell&#8217;Utente o potrebbero essere gestiti direttamente dal Titolare. Per informazioni dettagliate in merito, si consiglia di consultare le privacy policy dei servizi elencati.<\/p>\n\n\n\n<p>\u25cf <strong>Interazione con social network e piattaforme esterne<\/strong><\/p>\n\n\n\n<p>Questo tipo di servizi (esempio: pulsante mi piace e widget social) consentono di interagire con i social network, o con altre piattaforme esterne, direttamente dalle pagine di questo sito. Le informazioni acquisite sono soggette alle impostazioni privacy dell\u2019Utente relative ad ogni social network. <a href=\"https:\/\/www.facebook.com\/privacy\/policy\/?entry_point=data_policy_redirect&amp;entry=0\">Facebook Privacy Policy.<\/a><\/p>\n\n\n\n<p>\u25cf <strong>Remarketing e behavioral targeting<\/strong><\/p>\n\n\n\n<p>Questo tipo di servizi consente a questo sito ed ai suoi partner di comunicare, ottimizzare e servire annunci pubblicitari basati sull&#8217;utilizzo passato di questa<\/p>\n\n\n\n<p>Applicazione da parte dell&#8217;Utente, tramite il tracciamento dei Dati di Utilizzo e l&#8217;uso di Cookie, informazioni che vengono trasferite ai partner a cui l&#8217;attivit\u00e0 di remarketing e behavioral targeting \u00e8 collegata.<\/p>\n\n\n\n<p>\u25cf <strong>Facebook Remarketing (Facebook, Inc.)<\/strong><\/p>\n\n\n\n<p>Facebook Remarketing \u00e8 un servizio di Remarketing e Behavioral Targeting fornito da Facebook, Inc. che collega l&#8217;attivit\u00e0 di questa Applicazione con il network di advertising Facebook. Questo tipo di servizi consente a questo sito ed ai suoi partner di comunicare, ottimizzare e servire annunci pubblicitari basati sull&#8217;utilizzo passato di questa Applicazione da parte dell&#8217;Utente, tramite il tracciamento dei Dati di Utilizzo e l&#8217;uso di Cookie, informazioni che vengono trasferite ai partner a cui l&#8217;attivit\u00e0 di remarketing e behavioral targeting \u00e8 collegata. <a href=\"https:\/\/www.facebook.com\/privacy\/policy\/?entry_point=data_policy_redirect&amp;entry=0\">Privacy Policy<\/a> \u2013 <a href=\"https:\/\/youradchoices.com\/\">Opt Out<\/a>.<\/p>\n\n\n\n<p>\u25cf <strong>Facebook Custom Audience (Facebook, Inc.)<\/strong><\/p>\n\n\n\n<p>Facebook Custom Audience \u00e8 un servizio di Remarketing e Behavioral Targeting fornito da Facebook, Inc. che collega l&#8217;attivit\u00e0 all\u2019interno di questo sito con il network di advertising Facebook. <a href=\"https:\/\/www.facebook.com\/privacy\/policy\/?entry_point=data_policy_redirect&amp;entry=0\">Privacy Policy<\/a> \u2013 <a href=\"https:\/\/youradchoices.com\/\">Opt Out<\/a>.<\/p>\n\n\n\n<p>\u25cf <strong>Monitoraggio conversioni di Facebook Ads (Facebook, Inc.)<\/strong><\/p>\n\n\n\n<p>\u00e8 un servizio che effettua statistiche collegando i dati provenienti dal network di annunci Facebook con le azioni compiute all&#8217;interno di questo sito. <a href=\"https:\/\/www.facebook.com\/privacy\/policy\/?entry_point=data_policy_redirect&amp;entry=0\">Facebook Privacy Policy<\/a>.<\/p>\n\n\n\n<p>\u25cf <strong>Google Analytics (Google Inc.)<\/strong><\/p>\n\n\n\n<p>Google Analytics \u00e8 un servizio di analisi di cookie e dati personali raccolti allo scopo di tracciare ed esaminare l\u2019utilizzo di questo sito, stilare report e personalizzare gli annunci del proprio network pubblicitario. <a href=\"https:\/\/policies.google.com\/privacy?hl=it\">Privacy Policy<\/a> \u2013 <a href=\"https:\/\/tools.google.com\/dlpage\/gaoptout?hl=it\">Opt Out<\/a>.<\/p>\n\n\n\n<h2 class=\"wp-block-heading\">Fini statistici<\/h2>\n\n\n\n<p>I servizi contenuti nella presente sezione permettono al Titolare del Trattamento di monitorare e analizzare i dati di traffico e servono a tener traccia del comportamento dell\u2019Utente.<\/p>\n\n\n\n<h2 class=\"wp-block-heading\">Consenso all&#8217;utilizzo dei cookie<\/h2>\n\n\n\n<p>Al primo accesso alla nostro sito Web, chi naviga trova un <a href=\"https:\/\/docs.google.com\/document\/d\/1rvfjFn3svs05El3SIYDfyXbyoH9PU6iPJjVmCVb_2EE\/edit#heading=h.60cmveacr2ly\">banner contenente l&#8217;informativa<\/a> breve sull&#8217;utilizzo dei cookie e pu\u00f2:<\/p>\n\n\n\n<p>&#8211; cliccare sul tasto &#8220;OK&#8221; (posizionato in basso a destra), che equivale al consenso all&#8217;utilizzo dei cookie, cos\u00ec come indicato nell&#8217;informativa breve;<\/p>\n\n\n\n<p>&#8211; Accedere alla Cookie Policy, conoscere le diverse tipologie di cookie, le finalit\u00e0 di utilizzo, leggere le privacy policy dei nostri fornitori ed, eventualmente, effettuare opt-out;<\/p>\n\n\n\n<p>&#8211; Continuare a navigare nel sito, accettando implicitamente l&#8217;utilizzo di tutti i cookie.<\/p>\n\n\n\n<p>Per ulteriori informazioni sui cookie di soggetti terzi relativi alla pubblicit\u00e0 e su come disattivarli, puoi visitare i seguenti siti web a titolo esemplificativo e non esaustivo:<\/p>\n\n\n\n<p><a href=\"https:\/\/allaboutcookies.org\/\">http:\/\/www.allaboutcookies.org<\/a> <br><a href=\"https:\/\/www.youronlinechoices.com\/\">http:\/\/www.youronlinechoices.com<\/a> <br><a href=\"https:\/\/tools.google.com\/dlpage\/gaoptout\">https:\/\/tools.google.com\/dlpage\/gaoptout <br><\/a><a href=\"https:\/\/youradchoices.com\/\">http:\/\/www.aboutads.info\/choices <br><\/a><a href=\"https:\/\/optout.networkadvertising.org\/?c=1\">http:\/\/www.networkadvertising.org\/choices<\/a><\/p>\n\n\n\n<p>Per ogni ulteriore informazione sul trattamento dati del sito di Hideea puoi consultare la Privacy Policy completa o scrivere a: dpo@hideea.com\u201d<\/p>","protected":false},"excerpt":{"rendered":"<p>Quando un utente accede al nostro sito Web, servizi, app, i nostri fornitori di servizi autorizzati possono usare cookie, web beacon e altre tecnologie similari per scopi pubblicitari e per memorizzare le informazioni, al fine di offrirti un&#8217;esperienza migliore, pi\u00f9 veloce e pi\u00f9 sicura. Attraverso questa informativa intendiamo fornirti alcune indicazioni sulle tecnologie adottate e [&hellip;]<\/p>\n","protected":false},"author":1,"featured_media":0,"parent":0,"menu_order":0,"comment_status":"closed","ping_status":"closed","template":"","meta":{"footnotes":""},"class_list":["post-2004","page","type-page","status-publish","hentry"],"_links":{"self":[{"href":"https:\/\/fenixpharma.it\/en\/wp-json\/wp\/v2\/pages\/2004","targetHints":{"allow":["GET"]}}],"collection":[{"href":"https:\/\/fenixpharma.it\/en\/wp-json\/wp\/v2\/pages"}],"about":[{"href":"https:\/\/fenixpharma.it\/en\/wp-json\/wp\/v2\/types\/page"}],"author":[{"embeddable":true,"href":"https:\/\/fenixpharma.it\/en\/wp-json\/wp\/v2\/users\/1"}],"replies":[{"embeddable":true,"href":"https:\/\/fenixpharma.it\/en\/wp-json\/wp\/v2\/comments?post=2004"}],"version-history":[{"count":1,"href":"https:\/\/fenixpharma.it\/en\/wp-json\/wp\/v2\/pages\/2004\/revisions"}],"predecessor-version":[{"id":2005,"href":"https:\/\/fenixpharma.it\/en\/wp-json\/wp\/v2\/pages\/2004\/revisions\/2005"}],"wp:attachment":[{"href":"https:\/\/fenixpharma.it\/en\/wp-json\/wp\/v2\/media?parent=2004"}],"curies":[{"name":"wp","href":"https:\/\/api.w.org\/{rel}","templated":true}]}}