{"id":3,"date":"2019-11-26T09:48:52","date_gmt":"2019-11-26T09:48:52","guid":{"rendered":"http:\/\/plesk1.wedot.net\/?page_id=3"},"modified":"2025-06-23T13:46:21","modified_gmt":"2025-06-23T12:46:21","slug":"privacy-policy","status":"publish","type":"page","link":"https:\/\/fenixpharma.it\/en\/privacy-policy\/","title":{"rendered":"Privacy Policy"},"content":{"rendered":"<h2 class=\"wp-block-heading\">Premessa<\/h2>\n\n\n\n<p>Fenix Pharma Societ\u00e0 Cooperativa<\/p>\n\n\n\n<p>CODICE FISCALE \/P.IVA: 11560161009<\/p>\n\n\n\n<p>INDIRIZZO SEDE LEGALE: Via Abigaille Zanetta n. 118 Cap 00143 Roma<\/p>\n\n\n\n<p>LEGALE RAPPRESENTANTE NONCH\u00c9\u2019 TITOLARE DEL TRATTAMENTO DEI DATI:<\/p>\n\n\n\n<p>Societ\u00e0 Cooperativa<\/p>\n\n\n\n<p>TELEFONO: 0664502209<\/p>\n\n\n\n<p>EMAIL: info@fenixpharma.it<\/p>\n\n\n\n<p>PEC: fenixpharma@pec.it<br><br>La prima societ\u00e0 cooperativa che opera nella distribuzione di medicinali, dispositivi medici ed integratori alimentari.<\/p>\n\n\n\n<h2 class=\"wp-block-heading\">Quali dati personali raccogliamo?<\/h2>\n\n\n\n<p>Fenix Pharma Societ\u00e0 Cooperativa<\/p>\n\n\n\n<p>in qualit\u00e0 di Titolare del trattamento, raccoglie i seguenti dati:<\/p>\n\n\n\n<p>\u25cf dati identificativi dell&#8217;utente, quali, ad esempio, gli indirizzi IP e i nomi a dominio del computer;<\/p>\n\n\n\n<p>\u25cf dati relativi all&#8217;utilizzo del sito web da parte dell&#8217;utente, mediante l&#8217;utilizzo di cookies tecnici e analitici di terze parti;<\/p>\n\n\n\n<p>\u25cf dati forniti volontariamente dall&#8217;utente informazioni identificative &#8211; per l&#8217;accesso a determinati servizi offerti tramite il sito web, per i quali si rinvia alle apposite informative presenti nelle relative sezioni di riferimento (ad esempio, la sezione &#8220;contatti&#8221;).<\/p>\n\n\n\n<p>Per quanto attiene all&#8217;utilizzo dei cookies, questi sono costituiti da file di testo che si generano automaticamente nell&#8217;elaboratore elettronico dell&#8217;utente in seguito alla visita di alcune pagine del sito. Taluni di questi file (cookies di sessione) vengono rimossi in modo automatico alla chiusura del browser. Un&#8217;altra tipologia di cookies, invece, viene registrata e memorizzata sul computer dell&#8217;Utente (ad esempio per rendere automatica la procedura di accesso all&#8217;area riservata, l&#8217;Utente potr\u00e0 scegliere che i suoi dati identificativi di User-id e password siano memorizzati in uno di questi file). Ulteriore tipologia \u00e8 costituita dai cookies analitici, utilizzati per raccogliere informazioni, in forma aggregata, sul numero degli utenti e sulle modalit\u00e0 tramite le quali questi ultimi visitano il sito web. I predetti cookies possono essere installati direttamente dal gestore del sito<\/p>\n\n\n\n<p>oppure da un sito diverso che li installa per il tramite del primo (c.d. cookies analitici di &#8220;terze parti&#8221;).<\/p>\n\n\n\n<p>Qualora l&#8217;Utente preferisca non ricevere cookies, pu\u00f2 impedirne la trasmissione da parte del sito web mediante opportuna configurazione del proprio browser di navigazione Internet. In alcuni casi la fruizione di alcune parti del sito potrebbe essere condizionata alla memorizzazione dei cookies sul computer dell&#8217;Utente.<\/p>\n\n\n\n<h2 class=\"wp-block-heading\">Per quali finalit\u00e0 utilizziamo i Suoi dati personali?<\/h2>\n\n\n\n<p>Fenix Pharma Societ\u00e0 Cooperativa tratta i dati personali per le seguenti finalit\u00e0:<\/p>\n\n\n\n<p>&#8211; gestire la corretta fruizione del sito web;<\/p>\n\n\n\n<p>&#8211; valutare, in forma statistica, l&#8217;utilizzo del sito web da parte degli utenti;<\/p>\n\n\n\n<p>&#8211; accertare eventuali illeciti compiuti dagli utenti a danno di terzi o a danno della Fenix Pharma Societ\u00e0 Cooperativa<\/p>\n\n\n\n<p>&#8211; adempiere alla normativa europea e nazionale, nonch\u00e9 ai provvedimenti dell&#8217;Autorit\u00e0 garante.<\/p>\n\n\n\n<h2 class=\"wp-block-heading\">Perch\u00e9 il trattamento che svolgiamo \u00e8 legittimo?<\/h2>\n\n\n\n<p>Il trattamento dei dati personali svolto dal Titolare \u00e8 legittimo ai sensi dell\u2019Articolo 6, numero 1, lettera a) poich\u00e8 si fonda sul mero interesse alla consultazione, espresso durante l&#8217;esperienza di navigazione del sito web.<\/p>\n\n\n\n<h2 class=\"wp-block-heading\">Con quali modalit\u00e0 tratta i Suoi dati personali e per quanto tempo li conserva?<\/h2>\n\n\n\n<p>I Suoi dati personali sono trattati sia in modalit\u00e0 cartacea che elettronica (server, database in cloud, software applicativi etc.).<\/p>\n\n\n\n<p>Fenix Pharma Societ\u00e0 Cooperativa conserva le informazioni personali dell&#8217;utente seguendo alcuni criteri fondamentali di seguito evidenziati: in particolare riferibili alle finalit\u00e0 della raccolta e ai termini di prescrizione dettati dalla legge. Le ulteriori specifiche dei tempi di conservazione per ciascuna categoria di dato sono consultabili sul sito web.<\/p>\n\n\n\n<h2 class=\"wp-block-heading\">A chi comunichiamo i dati personali?<\/h2>\n\n\n\n<p>All&#8217;interno della Fenix Pharma Societ\u00e0 Cooperativa possono accedere ai dati personali dipendenti e collaboratori della Fenix Pharma Societ\u00e0 Cooperativa che ne abbiano necessit\u00e0 al fine di erogare servizi richiesti e limitatamente alle sole informazioni a ci\u00f2 strumentali e connesse. In particolare:<\/p>\n\n\n\n<p>\u25cf personale amministrativo;<\/p>\n\n\n\n<p>\u25cf personale dell&#8217;ufficio commerciale;<\/p>\n\n\n\n<p>\u25cf personale dell&#8217;ufficio produzione e gestione ordini.<\/p>\n\n\n\n<p>\u25cf personale area operativa marketing.<\/p>\n\n\n\n<p>L\u2019elemento fondante che si riflette altres\u00ec nel codice etico, si ravvisa nell\u2019assoluto riserbo sul trattamento dei dati personali, mantenuto da dipendenti e collaboratori, prontamente informati e formati: ed invero, Fenix Pharma Societ\u00e0 Cooperativa adotta tutte le azioni propedeutiche necessarie per richiamare la loro attenzione sulle responsabilit\u00e0 in tema di protezione dei dati personali.<\/p>\n\n\n\n<h2 class=\"wp-block-heading\">Comunicazione a terzi<\/h2>\n\n\n\n<p>I dati non saranno diffusi. Saranno trattati con fornitori di servizi tecnologici, informatici e consulenziali che, di regola, operano come responsabili del trattamento. Tra tali soggetti possono essere comprese anche societ\u00e0 che offrono servizi al titolare del trattamento. Resta inteso che i dati saranno trattati nel rispetto del principio di minimizzazione prediligendo, ove possibile, dati anonimi o anonimizzati.<\/p>\n\n\n\n<p>In particolare, le categorie di soggetti possono essere le seguenti:<\/p>\n\n\n\n<p>-Soggetti che svolgono\/erogano per conto del titolare compiti\/servizi di natura tecnica ed organizzativa ivi compreso il supporto organizzativo e tecnologico necessario per l\u2019erogazione del servizio o la gestione dell\u2019attivit\u00e0 oggetto di trattamento studi e societ\u00e0 nell\u2019ambito dei rapporti di assistenza e consulenza;<\/p>\n\n\n\n<p>-i dati possono essere comunicati anche a terzi titolari autonomi con particolare riferimento ad autorit\u00e0 pubbliche, forze dell\u2019ordine, al ricorrere dei presupposti di legge e nell\u2019esercizio delle loro funzioni.<\/p>\n\n\n\n<h2 class=\"wp-block-heading\">Fornitori di servizi<\/h2>\n\n\n\n<p>Fenix Pharma Societ\u00e0 Cooperativa condivide le informazioni personali con alcuni fornitori che la supportano nell&#8217;erogazione dei servizi richiesti.<\/p>\n\n\n\n<p>Qualora soggetti terzi accedano ai dati, lo faranno rispettando la normativa vigente in materia di protezione dei dati personali e le istruzioni impartite dalla Fenix Pharma Societ\u00e0 Cooperativa in qualit\u00e0 di Titolare del trattamento dei dati.<\/p>\n\n\n\n<h2 class=\"wp-block-heading\">Requisiti di legge<\/h2>\n\n\n\n<p>Le informazioni personali non vengono diffuse a terzi senza autorizzazione espressa, fatto salvo tutto quanto sia richiesto dalla legge o da un&#8217;Autorit\u00e0.<\/p>\n\n\n\n<h2 class=\"wp-block-heading\">I Suoi dati vengono trasferiti all&#8217;estero?<\/h2>\n\n\n\n<p>I dati sono trattati in Unione Europea, qualora il trasferimento fosse necessario saranno utilizzati gli strumenti di garanzia previsti dal GDPR: decisioni di adeguatezza della Commissione UE oppure le clausole contrattuali standard CSS, come promosse dalla stessa Commissione UE per regolare i rapporti di trasferimento al di fuori dello spazio economico Europeo e con eventuali misure integrative come previsto anche dalle indicazioni EDPB.<\/p>\n\n\n\n<h2 class=\"wp-block-heading\">Quali sono I Suoi diritti come interessato del trattamento e come pu\u00f2 esercitarli?<\/h2>\n\n\n\n<p>Il Regolamento europeo in materia di protezione dei dati personali (2016\/679) garantisce, come interessato del trattamento, specifici diritti. Per ciascun trattamento, pu\u00f2 esercitare I seguenti diritti:<\/p>\n\n\n\n<p>\u25cf Diritto di accesso: ha il diritto di ottenere una copia dei dati personali di cui siamo in possesso e che sono sottoposti a trattamento;<\/p>\n\n\n\n<p>\u25cf Diritto alla rettifica: ha il diritto di rettificare i Suoi dati personali conservati dalla Fenix Pharma Societ\u00e0 Cooperativa qualora non siano aggiornati o corretti;<\/p>\n\n\n\n<p>\u25cf Diritto di opposizione al trattamento di dati personali per finalit\u00e0 commerciali: pu\u00f2 chiedere che la Fenix Pharma Societ\u00e0 Cooperativa cessi di inviare comunicazioni commerciali in qualsiasi momento;<\/p>\n\n\n\n<p>\u25cf Diritto di opposizione a decisioni basate su processi esclusivamente automatizzati: pu\u00f2 chiedere di non essere destinatario di decisioni prese in base a processi esclusivamente automatizzati, inclusa l&#8217;attivit\u00e0 di profilazione;<\/p>\n\n\n\n<p>\u25cf Diritto di revoca un consenso prestato: ha il diritto di revocare il consenso prestato per un determinato trattamento in qualsiasi momento;<\/p>\n\n\n\n<p>\u25cf Diritto di rivolgersi all&#8217;Autorit\u00e0 Garante per la protezione dei dati personali qualora sorgessero dubbi sul trattamento di dati personali operato dalla Fenix Pharma Societ\u00e0 Cooperativa<\/p>\n\n\n\n<p>\u25cf Diritto alla cancellazione: diritto di ottenere dal Titolare la cancellazione dei dati personali senza ingiustificato ritardo nel caso in cui:<\/p>\n\n\n\n<p>\u2794 i dati personali non siano pi\u00f9 necessari rispetto alle finalit\u00e0 del trattamento;<\/p>\n\n\n\n<p>\u2794 il consenso su cui si basa il trattamento sia stato revocato e non sussista altro fondamento giuridico per il trattamento;<\/p>\n\n\n\n<p>\u2794 i dati personali siano stati trattati illecitamente;<\/p>\n\n\n\n<p>\u2794 i dati personali debbano essere cancellati per adempiere un obbligo legale.<\/p>\n\n\n\n<p>\u25cf Diritto di opposizione ad un trattamento: pu\u00f2 chiedere che la Fenix Pharma Societ\u00e0 Cooperativa cessi di svolgere un determinato trattamento dei Suoi dati personali;<\/p>\n\n\n\n<p>\u25cf Diritto di limitazione del trattamento: ha il diritto di richiedere che la Fenix Pharma Societ\u00e0 Cooperativa limiti le operazioni di trattamento sui Suoi dati personali;<\/p>\n\n\n\n<p>\u25cf Diritto alla portabilit\u00e0 del dato: ha il diritto di ottenere una copia dei Suoi dati in un formato strutturato ed informaticamente trasferibile ad altro Titolare.<\/p>\n\n\n\n<p>Qualora volesse esercitare I Suoi diritti, per favore invii una e-mail all&#8217;indirizzo dpo@hideea.com specificando la Sua richiesta e fornendoci le informazioni necessarie ad identificarla (allegando anche una copia del Suo documento di identit\u00e0).<\/p>\n\n\n\n<p>La Fenix Pharma Societ\u00e0 Cooperativa le risponder\u00e0 entro un mese. Se per qualche motivo non riuscissimo a risponderle, le forniremo una spiegazione dettagliata sul motivo per cui non pu\u00f2 soddisfare la Sua richiesta.<\/p>\n\n\n\n<h2 class=\"wp-block-heading\">Come pu\u00f2 contattarci?<\/h2>\n\n\n\n<p>La presente informativa ha lo scopo di informare l&#8217;utente su quali siano i dati personali raccolti dalla Fenix Pharma Societ\u00e0 Cooperativa e come siano trattati.<\/p>\n\n\n\n<p>Per qualsiasi tipo di chiarimento contatti il seguente riferimento: dpo@hideea.com<\/p>","protected":false},"excerpt":{"rendered":"<p>Premessa Fenix Pharma Societ\u00e0 Cooperativa CODICE FISCALE \/P.IVA: 11560161009 INDIRIZZO SEDE LEGALE: Via Abigaille Zanetta n. 118 Cap 00143 Roma LEGALE RAPPRESENTANTE NONCH\u00c9\u2019 TITOLARE DEL TRATTAMENTO DEI DATI: Societ\u00e0 Cooperativa TELEFONO: 0664502209 EMAIL: info@fenixpharma.it PEC: fenixpharma@pec.it La prima societ\u00e0 cooperativa che opera nella distribuzione di medicinali, dispositivi medici ed integratori alimentari. Quali dati personali raccogliamo? [&hellip;]<\/p>\n","protected":false},"author":1,"featured_media":0,"parent":0,"menu_order":0,"comment_status":"closed","ping_status":"closed","template":"","meta":{"footnotes":""},"class_list":["post-3","page","type-page","status-publish","hentry"],"_links":{"self":[{"href":"https:\/\/fenixpharma.it\/en\/wp-json\/wp\/v2\/pages\/3","targetHints":{"allow":["GET"]}}],"collection":[{"href":"https:\/\/fenixpharma.it\/en\/wp-json\/wp\/v2\/pages"}],"about":[{"href":"https:\/\/fenixpharma.it\/en\/wp-json\/wp\/v2\/types\/page"}],"author":[{"embeddable":true,"href":"https:\/\/fenixpharma.it\/en\/wp-json\/wp\/v2\/users\/1"}],"replies":[{"embeddable":true,"href":"https:\/\/fenixpharma.it\/en\/wp-json\/wp\/v2\/comments?post=3"}],"version-history":[{"count":1,"href":"https:\/\/fenixpharma.it\/en\/wp-json\/wp\/v2\/pages\/3\/revisions"}],"predecessor-version":[{"id":2003,"href":"https:\/\/fenixpharma.it\/en\/wp-json\/wp\/v2\/pages\/3\/revisions\/2003"}],"wp:attachment":[{"href":"https:\/\/fenixpharma.it\/en\/wp-json\/wp\/v2\/media?parent=3"}],"curies":[{"name":"wp","href":"https:\/\/api.w.org\/{rel}","templated":true}]}}