{"id":1843,"date":"2025-03-24T11:26:10","date_gmt":"2025-03-24T10:26:10","guid":{"rendered":"https:\/\/fenixpharma.it\/?post_type=product&#038;p=1843"},"modified":"2025-03-24T13:10:11","modified_gmt":"2025-03-24T12:10:11","slug":"osteozon","status":"publish","type":"product","link":"https:\/\/fenixpharma.it\/en\/product\/osteozon\/","title":{"rendered":"OSTEOZON"},"content":{"rendered":"<p>Buy on<\/p>\n<p><a href=\"https:\/\/fenixlife.it\/product\/osteozon-30-capsule\/\"> <img loading=\"lazy\" decoding=\"async\" class=\"wp-image-1373 alignnone\" src=\"https:\/\/fenixpharma.it\/wp-content\/uploads\/2023\/07\/fenixlife_logo-300x98.png\" alt=\"\" width=\"82\" height=\"26\" srcset=\"https:\/\/fenixpharma.it\/wp-content\/uploads\/2023\/07\/fenixlife_logo-300x98.png 300w, https:\/\/fenixpharma.it\/wp-content\/uploads\/2023\/07\/fenixlife_logo-600x196.png 600w, https:\/\/fenixpharma.it\/wp-content\/uploads\/2023\/07\/fenixlife_logo-768x251.png 768w, https:\/\/fenixpharma.it\/wp-content\/uploads\/2023\/07\/fenixlife_logo-705x230.png 705w, https:\/\/fenixpharma.it\/wp-content\/uploads\/2023\/07\/fenixlife_logo.png 949w\" sizes=\"auto, (max-width: 82px) 100vw, 82px\" \/><\/a><\/p>\n<p><span class=\"second\">Olio di girasole ozonizzato, Vitamina D3, Vitamina K2. Senza glutine, senza soia, naturalmente privo di lattosio. Confezione da 30 capsule gastroresistenti.<\/span><\/p>\n<h3><span class=\"title\">caratteristiche del prodotto<\/span><\/h3>\n<p>OSTEOZON\u00a0 \u00e8 un integratore alimentare a base di Olio di girasole ozonizzato, Vitamina D3, Vitamina K2.<\/p>\n<div>L&#8217;innovativa tecnologia farmaceutica permette la somministrazione orale dell&#8217;ozono, la veicolazione per via sistemica ottimizzando l&#8217;assorbimento e la biodisponibilit\u00e0 di ossigeno nei tessuti. L&#8217;ozono \u00e8 una molecola biologicamente instabile, l&#8217;ozonizzazione \u00e8 una tecnica che permette di immagazzinare e stabilizzare l&#8217;ozono sfruttando la capacit\u00e0 dell&#8217;ozono di legare gli acidi grassi dell&#8217;olio di semi di girasole, permettendone l&#8217;uso a fini terapeutici. L&#8217;ozono modula gli stati infiammatori, contribuendo alla produzione endogena di antiossidanti, al miglioramento della circolazione e dell&#8217;ossigenazione dei tessuti. La supplementazione di Vitamina D3 e Vitamina K2 favorisce il corretto metabolismo osseo e cartilagineo.<\/div>\n<p><strong>Quantit\u00e0 per dose giornaliera (2 capsule) per adulti:<\/strong>\u00a0Olio di semi di girasole 150 mg, Vitamina D3 20 mcg, Vitamina K2 40 mcg.<\/p>\n<h3><span class=\"title\">Instructions for use<\/span><\/h3>\n<p><span class=\"text\">2-3 capsule al giorno. Si consiglia di assumere il prodotto con un bicchiere di acqua fredda, almeno 60 minuti prima o dopo l\u2019assunzione di bevande o pasti caldi, o farmaci.<\/span><\/p>","protected":false},"excerpt":{"rendered":"<p>Acquista su Olio di girasole ozonizzato, Vitamina D3, Vitamina K2. Senza glutine, senza soia, naturalmente privo di lattosio. Confezione da 30 capsule gastroresistenti. caratteristiche del prodotto OSTEOZON\u00a0 \u00e8 un integratore alimentare a base di Olio di girasole ozonizzato, Vitamina D3, Vitamina K2. L&#8217;innovativa tecnologia farmaceutica permette la somministrazione orale dell&#8217;ozono, la veicolazione per via sistemica [&hellip;]<\/p>\n","protected":false},"featured_media":0,"comment_status":"closed","ping_status":"closed","template":"","meta":[],"product_brand":[],"product_cat":[40],"product_tag":[43],"class_list":{"0":"post-1843","1":"product","2":"type-product","3":"status-publish","5":"product_cat-area-uroginecologia","6":"product_tag-integratori-alimentari","8":"first","9":"instock","10":"shipping-taxable","11":"product-type-simple"},"_links":{"self":[{"href":"https:\/\/fenixpharma.it\/en\/wp-json\/wp\/v2\/product\/1843","targetHints":{"allow":["GET"]}}],"collection":[{"href":"https:\/\/fenixpharma.it\/en\/wp-json\/wp\/v2\/product"}],"about":[{"href":"https:\/\/fenixpharma.it\/en\/wp-json\/wp\/v2\/types\/product"}],"replies":[{"embeddable":true,"href":"https:\/\/fenixpharma.it\/en\/wp-json\/wp\/v2\/comments?post=1843"}],"wp:attachment":[{"href":"https:\/\/fenixpharma.it\/en\/wp-json\/wp\/v2\/media?parent=1843"}],"wp:term":[{"taxonomy":"product_brand","embeddable":true,"href":"https:\/\/fenixpharma.it\/en\/wp-json\/wp\/v2\/product_brand?post=1843"},{"taxonomy":"product_cat","embeddable":true,"href":"https:\/\/fenixpharma.it\/en\/wp-json\/wp\/v2\/product_cat?post=1843"},{"taxonomy":"product_tag","embeddable":true,"href":"https:\/\/fenixpharma.it\/en\/wp-json\/wp\/v2\/product_tag?post=1843"}],"curies":[{"name":"wp","href":"https:\/\/api.w.org\/{rel}","templated":true}]}}